{"id":883,"date":"2018-05-29T11:10:26","date_gmt":"2018-05-29T11:10:26","guid":{"rendered":"http:\/\/xtratheme.com\/default\/?page_id=4"},"modified":"2023-12-20T11:13:45","modified_gmt":"2023-12-20T08:13:45","slug":"home","status":"publish","type":"page","link":"https:\/\/horizontaldrilling.net\/tr\/","title":{"rendered":"Home"},"content":{"rendered":"<div class=\"wpb-content-wrapper\"><div class=\"vc_row wpb_row vc_row-fluid\"><div class=\"wpb_column vc_column_container vc_col-sm-12\"><div class=\"vc_column-inner\"><div class=\"wpb_wrapper\"><div class=\"cz_eqh cz_content_box_parent_fx\"><div id=\"cz_65189\" class=\"cz_65189 cz_content_box clr\"><div class=\"cz_box_front clr\"><div class=\"cz_box_front_inner clr\"><span><\/span><div><div class=\"cz_gap clr  hide_on_mobile\" style=\"height: 110px\"><\/div><div class=\"cz_gap show_on_mobile clr\" style=\"height: 70px\"><\/div><div id=\"cz_96123\" class=\"cz_96123 cz_title clr cz_title_pos_inline tac\"><div class=\"cz_title_shape shape_square cz_shape_1\"><\/div><div class=\"cz_title_content\"><div class=\"cz_wpe_content\"><p style=\"text-align: center;\"><span style=\"color: #666666; font-size: 22px;\">YATAY SONDAJ<\/span><\/p>\n<h2 style=\"text-align: center;\">KAL\u0130TEL\u0130 H\u0130ZMET<\/h2>\n<\/div><\/div><\/div><div id=\"cz_29634\" class=\"cz_29634 cz_title clr cz_title_pos_inline tac\"><div class=\"cz_title_content\"><div class=\"cz_wpe_content\"><p style=\"text-align: center;\" class=\"translation-block\"><span style=\"font-size: 20px;color: #666666\">\u00dcr\u00fcnlerimizi ve kalite y\u00f6netimimizi s\u00fcrekli geli\u015ftirerek Irak'ta ve yurt d\u0131\u015f\u0131nda<br class=\"clr\"> tercih edilen bir firma olmak ve kaliteli hizmette s\u00fcreklili\u011fi sa\u011flamak istiyoruz.<\/span><\/p>\n<\/div><\/div><\/div><\/div><\/div><\/div><\/div><\/div><\/div><\/div><\/div><\/div><div class=\"vc_row wpb_row vc_row-fluid\"><div class=\"wpb_column vc_column_container vc_col-sm-3\"><div class=\"vc_column-inner\"><div class=\"wpb_wrapper\"><a href=\"https:\/\/horizontaldrilling.net\/tr\/what-is-horizontal-drilling\/\" target=\"_blank\" title=\"SERV\u0130SLER\" role=\"button\" tabindex=\"0\" aria-label=\"SERV\u0130SLER\"><div id=\"cz_99879\" class=\"cz_99879 services clr style11 services_b\"><div class=\"service_img\"><img decoding=\"async\" width=\"75\" height=\"75\" src=\"https:\/\/horizontaldrilling.net\/wp-content\/uploads\/2019\/09\/i3.png\" class=\"service-icon attachment-thumbnail\" alt=\"I3\" title=\"i3\" loading=\"lazy\" \/><\/div><div class=\"service_text\"><h3>YATAY<\/h3><div class=\"cz_wpe_content\"><div style=\"line-height: 1.3;\"><span style=\"font-size: 26px; color: #ffffff;\">SONDAJ<\/span><\/div>\n<\/div><\/div><\/div><\/a><\/div><\/div><\/div><div class=\"wpb_column vc_column_container vc_col-sm-3\"><div class=\"vc_column-inner\"><div class=\"wpb_wrapper\"><a href=\"https:\/\/horizontaldrilling.net\/tr\/boring-system\/\" target=\"_blank\" title=\"SERV\u0130SLER\" role=\"button\" tabindex=\"0\" aria-label=\"SERV\u0130SLER\"><div id=\"cz_107089\" class=\"cz_107089 services clr style11 services_b\"><div class=\"service_img\"><img decoding=\"async\" width=\"80\" height=\"80\" src=\"https:\/\/horizontaldrilling.net\/wp-content\/uploads\/2019\/09\/ico2.png\" class=\"service-icon attachment-thumbnail\" alt=\"Ico2\" title=\"ico2\" loading=\"lazy\" \/><\/div><div class=\"service_text\"><h3>HELEZONLU<\/h3><div class=\"cz_wpe_content\"><div style=\"line-height: 1.3;\"><span style=\"font-size: 26px; color: #ffffff;\">SONDAJ<br \/>\n<\/span><\/div>\n<\/div><\/div><\/div><\/a><\/div><\/div><\/div><div class=\"wpb_column vc_column_container vc_col-sm-3\"><div class=\"vc_column-inner\"><div class=\"wpb_wrapper\"><a href=\"https:\/\/horizontaldrilling.net\/tr\/mud-motor\/\" target=\"_blank\" title=\"SERV\u0130SLER\" role=\"button\" tabindex=\"0\" aria-label=\"SERV\u0130SLER\"><div id=\"cz_26290\" class=\"cz_26290 services clr style11 services_b\"><div class=\"service_img\"><img decoding=\"async\" width=\"80\" height=\"80\" src=\"https:\/\/horizontaldrilling.net\/wp-content\/uploads\/2019\/09\/ico3.png\" class=\"service-icon attachment-thumbnail\" alt=\"Ico3\" title=\"ico3\" loading=\"lazy\" \/><\/div><div class=\"service_text\"><h3>KAZISIZ<\/h3><div class=\"cz_wpe_content\"><div style=\"line-height: 1.3;\"><span style=\"font-size: 26px; color: #ffffff;\"><span class=\"HwtZe\" lang=\"en\"><span class=\"jCAhz ChMk0b\"><span class=\"ryNqvb\">Y\u00d6NLEND\u0130RME<\/span><\/span><\/span><\/span><\/div>\n<\/div><\/div><\/div><\/a><\/div><\/div><\/div><div class=\"wpb_column vc_column_container vc_col-sm-3\"><div class=\"vc_column-inner\"><div class=\"wpb_wrapper\"><a href=\"https:\/\/horizontaldrilling.net\/tr\/pipe-driving-pushing\/\" target=\"_blank\" title=\"SERV\u0130SLER\" role=\"button\" tabindex=\"0\" aria-label=\"SERV\u0130SLER\"><div id=\"cz_97130\" class=\"cz_97130 services clr style11 services_b\"><div class=\"service_img\"><img decoding=\"async\" width=\"80\" height=\"80\" src=\"https:\/\/horizontaldrilling.net\/wp-content\/uploads\/2019\/09\/ico4.png\" class=\"service-icon attachment-thumbnail\" alt=\"Ico4\" title=\"ico4\" loading=\"lazy\" \/><\/div><div class=\"service_text\"><h3>BORU<\/h3><div class=\"cz_wpe_content\"><div style=\"line-height: 1.3;\"><span style=\"font-size: 26px; color: #ffffff;\">UYGULAMALARI<\/span><\/div>\n<\/div><\/div><\/div><\/a><\/div><\/div><\/div><\/div><div class=\"vc_row wpb_row vc_row-fluid\"><div class=\"wpb_column vc_column_container vc_col-sm-12\"><div class=\"vc_column-inner\"><div class=\"wpb_wrapper\"><div class=\"cz_btn_center\"><div class=\"cz_50763_p\"><a id=\"cz_50763\" class=\"cz_50763 cz_btn cz_btn_txt_no_fx cz_btn_fill_up\" href=\"http:\/\/horizontaldrilling.net\/tr\/services\/\" title=\"SERV\u0130SLER\" role=\"button\" tabindex=\"0\" aria-label=\"SERV\u0130SLER\"><span><strong>T\u00dcM SERV\u0130SLER<\/strong><\/span><b class=\"cz_btn_onhover\"><strong>T\u00dcM SERV\u0130SLER<\/strong><\/b><\/a><\/div><\/div><\/div><\/div><\/div><\/div><div data-vc-full-width=\"true\" data-vc-full-width-temp=\"true\" data-vc-full-width-init=\"false\" class=\"vc_row wpb_row vc_row-fluid vc_custom_1701634109256 vc_row-has-fill\"><div class=\"wpb_column vc_column_container vc_col-sm-12\"><div class=\"vc_column-inner\"><div class=\"wpb_wrapper\"><div class=\"cz_gap clr  hide_on_mobile\" style=\"height: 180px\"><\/div><div class=\"cz_gap show_on_mobile clr\" style=\"height: 100px\"><\/div><div id=\"cz_52439\" class=\"cz_52439 cz_title clr cz_title_pos_inline tac\"><div class=\"cz_title_shape shape_square cz_shape_1\"><\/div><div class=\"cz_title_content\"><div class=\"cz_wpe_content\"><p style=\"text-align: center;\"><span style=\"font-size: 22px; color: #ffffff;\"><span style=\"font-size: 28px;\">YATAY SONDAJ<\/span><br \/>\n<\/span><\/p>\n<h2 style=\"text-align: center;\"><span style=\"font-size: 56px; color: #ffffff;\">BU G\u00dcCE G\u00dcVEN\u0130N<br \/>\n<\/span><\/h2>\n<\/div><\/div><\/div><div id=\"cz_62596\" class=\"cz_62596 cz_title clr cz_title_pos_inline tac\"><div class=\"cz_title_content\"><div class=\"cz_wpe_content\"><p style=\"text-align: center;\"><span style=\"font-size: 20px; color: #ffffff;\">Profesyonel makine ve ekipmanlarla \u00fclke \u00e7ap\u0131nda projeler ger\u00e7ekle\u015ftiriyoruz. <br class=\"clr\" \/> Kalite ve m\u00fc\u015fteri memnuniyeti \u00f6nceli\u011fimizdir.<\/span><\/p>\n<\/div><\/div><\/div><div id=\"cz_41948\" class=\"cz_41948 cz_2_btn cz_2_btn_center\"><a class=\"cz_btn btn1\"  href=\"https:\/\/horizontaldrilling.net\/wp-content\/uploads\/2023\/12\/Hozizontal-Drilling-Katalog-2023-Preview.pdf\" title=\"E-Katalog\" role=\"button\" tabindex=\"0\" aria-label=\"E-Katalog\"><strong>E-KATALOG<\/strong><\/a><div class=\"cz_2_btn_sep style1\"><i><span><\/span><\/i><\/div><a class=\"cz_btn btn2\"  href=\"https:\/\/horizontaldrilling.net\/tr\/about-us\/\" title=\"Projects\" role=\"button\" tabindex=\"0\" aria-label=\"Projects\"><strong>HAKKIMIZDA<\/strong><\/a><\/div><div class=\"clr\"><\/div><div class=\"cz_gap clr\" style=\"height: 250px\"><\/div><\/div><\/div><\/div><\/div><div class=\"vc_row-full-width vc_clearfix\"><\/div><div data-vc-full-width=\"true\" data-vc-full-width-temp=\"true\" data-vc-full-width-init=\"false\" class=\"vc_row wpb_row vc_row-fluid vc_custom_1569600133635 vc_row-has-fill\"><div class=\"wpb_column vc_column_container vc_col-sm-12\"><div class=\"vc_column-inner\"><div class=\"wpb_wrapper\"><div class=\"cz_eqh cz_content_box_parent_fx\"><div id=\"cz_24542\" class=\"cz_24542 cz_content_box clr\"><div class=\"cz_box_front clr\"><div class=\"cz_box_front_inner clr\"><span><\/span><div><div class=\"vc_row wpb_row vc_inner vc_row-fluid\"><div class=\"wpb_column vc_column_container vc_col-sm-3 vc_col-has-fill\"><div class=\"vc_column-inner vc_custom_1569578720726\"><div class=\"wpb_wrapper\"><div id=\"cz_95307\" class=\"cz_95307 cz_title clr cz_title_pos_inline tac\"><div class=\"cz_title_content\"><div class=\"cz_wpe_content\"><div style=\"text-align: center; line-height: 1.3;\"><span style=\"color: #ffffff;\">\u0130STAT\u0130ST\u0130KLER<\/span><\/div>\n<h2 style=\"text-align: center; line-height: 1.2;\"><span style=\"color: #ffffff;\">\u015e\u0130RKET\u0130M\u0130Z<\/span><br \/>\n<span style=\"color: #ffffff;\">NELER<\/span><br \/>\n<span style=\"color: #ffffff;\">YAPTI<\/span><\/h2>\n<\/div><\/div><\/div><\/div><\/div><\/div><div class=\"wpb_column vc_column_container vc_col-sm-3\"><div class=\"vc_column-inner\"><div class=\"wpb_wrapper\"><div id=\"cz_30050\" data-disable-comma=\"\" data-duration=\"3000\" data-delay=\"0000\" class=\"cz_30050 cz_counter clr tac cz_2rows\"><div class=\"\"><span class=\"cz_counter_num_wrap\"><span class=\"cz_counter_num\">130<\/span><i>+<\/i><\/span><span class=\"cz_counter_after\">MUTLU \u015e\u0130RKET<\/span><\/div><\/div><\/div><\/div><\/div><div class=\"wpb_column vc_column_container vc_col-sm-3\"><div class=\"vc_column-inner\"><div class=\"wpb_wrapper\"><div id=\"cz_46729\" data-disable-comma=\"\" data-duration=\"3000\" data-delay=\"0000\" class=\"cz_46729 cz_counter clr tac cz_2rows\"><div class=\"\"><span class=\"cz_counter_num_wrap\"><span class=\"cz_counter_num\">57<\/span><\/span><span class=\"cz_counter_after\">AKT\u0130V\u0130TELER<\/span><\/div><\/div><\/div><\/div><\/div><div class=\"wpb_column vc_column_container vc_col-sm-3\"><div class=\"vc_column-inner\"><div class=\"wpb_wrapper\"><div id=\"cz_104127\" data-disable-comma=\"\" data-duration=\"3000\" data-delay=\"0000\" class=\"cz_104127 cz_counter clr tac cz_2rows\"><div class=\"\"><span class=\"cz_counter_num_wrap\"><span class=\"cz_counter_num\">425<\/span><i>+<\/i><\/span><span class=\"cz_counter_after\">PROJELER<\/span><\/div><\/div><div class=\"cz_gap clr  hide_on_mobile\" style=\"height: 0px\"><\/div><div class=\"cz_gap show_on_mobile clr\" style=\"height: 80px\"><\/div><\/div><\/div><\/div><\/div><\/div><\/div><\/div><\/div><\/div><div id=\"cz_54266\" class=\"cz_54266 cz_title clr cz_mobile_text_center cz_title_has_icon cz_title_pos_inline tac\"><div class=\"cz_title_content\"><i class=\"cz_title_icon_before fa czico-074-tick-inside-circle\"><\/i><div class=\"cz_wpe_content\"><p style=\"text-align: center;\"><span style=\"font-size: 20px; color: #1d1d1d;\">Kalite Yaln\u0131zca Elinizden Gelenin En \u0130yisini Yapmaya Yeterince \u00d6nem Verdi\u011finizde Ger\u00e7ekle\u015fir.<\/span><\/p>\n<\/div><\/div><\/div><\/div><\/div><\/div><\/div><div class=\"vc_row-full-width vc_clearfix\"><\/div><div data-vc-full-width=\"true\" data-vc-full-width-temp=\"true\" data-vc-full-width-init=\"false\" data-vc-stretch-content=\"true\" class=\"vc_row wpb_row vc_row-fluid no_padding vc_custom_1587811339976 vc_row-o-equal-height vc_row-o-content-middle vc_row-flex\"><div class=\"wpb_column vc_column_container vc_col-sm-3\"><div class=\"vc_column-inner\"><div class=\"wpb_wrapper\"><div class=\"cz_eqh cz_content_box_parent_fx\"><div class=\"fx_shine_hover\"><div id=\"cz_49637\" class=\"cz_49637 cz_content_box clr\"><div class=\"cz_box_front clr\"><div class=\"cz_box_front_inner clr\"><span><\/span><div><div id=\"cz_43766\" data-position=\"top-right\" class=\"cz_43766 cz_image clr cz_image_no_fx center_on_mobile\"><div class=\"\" ><div class=\"cz_image_in\"><div class=\"cz_main_image\"><img fetchpriority=\"high\" loading=\"eager\" decoding=\"sync\" data-no-lazy=\"1\" width=\"75\" height=\"75\" src=\"https:\/\/horizontaldrilling.net\/wp-content\/uploads\/2023\/12\/Icon-02.png\" class=\"attachment-full\" alt=\"Icon 02\" title=\"Icon-02\"  \/><\/div><\/div><\/div><\/div><div id=\"cz_78383\" class=\"cz_78383 cz_title clr cz_mobile_text_center cz_title_pos_inline\"><div class=\"cz_title_content\"><div class=\"cz_wpe_content\"><div style=\"line-height: 1.4;\"><strong><span style=\"font-size: 28px;\"><span class=\"HwtZe\" lang=\"en\"><span class=\"jCAhz ChMk0b\"><span class=\"ryNqvb\">Y\u00d6NLEND\u0130R\u0130LEB\u0130L\u0130R<\/span><\/span><\/span> <br class=\"clr\" \/>YATAY SONDAJ<\/span><\/strong><\/div>\n<\/div><\/div><\/div><div id=\"cz_57601\" class=\"cz_57601 cz_title clr cz_mobile_text_center cz_title_pos_inline\"><div class=\"cz_title_content\"><div class=\"cz_wpe_content\"><div style=\"line-height: 1.5;\"><span style=\"font-size: 18px;\">Profesyonel yatay sondaj teknolojisi hizmeti veriyoruz.<\/span><\/div>\n<\/div><\/div><\/div><div class=\"\"><div class=\"cz_39100_p\"><a id=\"cz_39100\" class=\"cz_39100 cz_btn cz_btn_txt_move_right cz_btn_no_fx cz_btn_icon_after cz_mobile_btn_center\" href=\"https:\/\/horizontaldrilling.net\/tr\/what-is-horizontal-drilling\/\" target=\"_blank\" title=\"SERV\u0130SLER\" role=\"button\" tabindex=\"0\" aria-label=\"SERV\u0130SLER\"><span><strong>Devam\u0131n\u0131 Oku<\/strong><i class=\"fa fa-angle-right\"><\/i><\/span><b class=\"cz_btn_onhover\"><strong>Devam\u0131n\u0131 Oku<\/strong><i class=\"fa fa-angle-right\"><\/i><\/b><\/a><\/div><\/div><\/div><\/div><\/div><\/div><\/div><\/div><div class=\"cz_eqh cz_content_box_parent_fx\"><div class=\"fx_shine_hover\"><div id=\"cz_83185\" class=\"cz_83185 cz_content_box clr\"><div class=\"cz_box_front clr\"><div class=\"cz_box_front_inner clr\"><span><\/span><div><div id=\"cz_20784\" data-position=\"top-right\" class=\"cz_20784 cz_image clr cz_image_no_fx center_on_mobile\"><div class=\"\" ><div class=\"cz_image_in\"><div class=\"cz_main_image\"><img decoding=\"async\" width=\"75\" height=\"75\" src=\"https:\/\/horizontaldrilling.net\/wp-content\/uploads\/2023\/12\/Icon-04.png\" class=\"attachment-full\" alt=\"Icon 04\" title=\"Icon-04\" loading=\"lazy\" \/><\/div><\/div><\/div><\/div><div id=\"cz_18138\" class=\"cz_18138 cz_title clr cz_mobile_text_center cz_title_pos_inline\"><div class=\"cz_title_content\"><div class=\"cz_wpe_content\"><div style=\"line-height: 1.4;\"><strong><span style=\"font-size: 28px;\">BORU PATLATMA\u00a0 <br class=\"clr\" \/>ve YEN\u0130LEME<\/span><\/strong><\/div>\n<\/div><\/div><\/div><div id=\"cz_89549\" class=\"cz_89549 cz_title clr cz_mobile_text_center cz_title_pos_inline\"><div class=\"cz_title_content\"><div class=\"cz_wpe_content\"><div style=\"line-height: 1.5;\"><span style=\"font-size: 18px;\">Kaz\u0131s\u0131z boru patlatma ve yenileme hizmeti vermekteyiz.<\/span><\/div>\n<\/div><\/div><\/div><div class=\"\"><div class=\"cz_52500_p\"><a id=\"cz_52500\" class=\"cz_52500 cz_btn cz_btn_txt_move_right cz_btn_no_fx cz_btn_icon_after cz_mobile_btn_center\" href=\"https:\/\/horizontaldrilling.net\/tr\/pipe-driving-pushing\/\" target=\"_blank\" title=\"SERV\u0130SLER\" role=\"button\" tabindex=\"0\" aria-label=\"SERV\u0130SLER\"><span><strong>Devam\u0131n\u0131 Oku<\/strong><i class=\"fa fa-angle-right\"><\/i><\/span><b class=\"cz_btn_onhover\"><strong>Devam\u0131n\u0131 Oku<\/strong><i class=\"fa fa-angle-right\"><\/i><\/b><\/a><\/div><\/div><\/div><\/div><\/div><\/div><\/div><\/div><\/div><\/div><\/div><div class=\"wpb_column vc_column_container vc_col-sm-3\"><div class=\"vc_column-inner\"><div class=\"wpb_wrapper\"><div class=\"cz_eqh cz_content_box_parent_fx\"><div class=\"fx_shine_hover\"><div id=\"cz_81913\" class=\"cz_81913 cz_content_box clr\"><div class=\"cz_box_front clr\"><div class=\"cz_box_front_inner clr\"><span><\/span><div><div id=\"cz_27258\" data-position=\"top-right\" class=\"cz_27258 cz_image clr cz_image_no_fx center_on_mobile\"><div class=\"\" ><div class=\"cz_image_in\"><div class=\"cz_main_image\"><img decoding=\"async\" width=\"75\" height=\"75\" src=\"https:\/\/horizontaldrilling.net\/wp-content\/uploads\/2023\/12\/Icon-03.png\" class=\"attachment-full\" alt=\"Icon 03\" title=\"Icon-03\" loading=\"lazy\" \/><\/div><\/div><\/div><\/div><div id=\"cz_86506\" class=\"cz_86506 cz_title clr cz_mobile_text_center cz_title_pos_inline\"><div class=\"cz_title_content\"><div class=\"cz_wpe_content\"><div style=\"line-height: 1.4;\"><strong><span style=\"font-size: 28px;\">HELEZONLU <\/span><\/strong><strong><span style=\"font-size: 28px;\">SONDAJ <br class=\"clr\" \/><span class=\"HwtZe\" lang=\"en\"><span class=\"jCAhz ChMk0b\"><span class=\"ryNqvb\">Y\u00d6NLEND\u0130RME<\/span><\/span><\/span><br \/>\n<\/span><\/strong><\/div>\n<\/div><\/div><\/div><div id=\"cz_92850\" class=\"cz_92850 cz_title clr cz_mobile_text_center cz_title_pos_inline\"><div class=\"cz_title_content\"><div class=\"cz_wpe_content\"><div style=\"line-height: 1.5;\"><span style=\"font-size: 18px;\">Boring y\u00f6ntemini kullanarak helezonlu yatay delme hizmeti vermekteyiz.<\/span><\/div>\n<\/div><\/div><\/div><div class=\"\"><div class=\"cz_105970_p\"><a id=\"cz_105970\" class=\"cz_105970 cz_btn cz_btn_txt_move_right cz_btn_no_fx cz_btn_icon_after cz_mobile_btn_center\" href=\"https:\/\/horizontaldrilling.net\/tr\/boring-system\/\" target=\"_blank\" title=\"SERV\u0130SLER\" role=\"button\" tabindex=\"0\" aria-label=\"SERV\u0130SLER\"><span><strong>Devam\u0131n\u0131 Oku<\/strong><i class=\"fa fa-angle-right\"><\/i><\/span><b class=\"cz_btn_onhover\"><strong>Devam\u0131n\u0131 Oku<\/strong><i class=\"fa fa-angle-right\"><\/i><\/b><\/a><\/div><\/div><\/div><\/div><\/div><\/div><\/div><\/div><div class=\"cz_eqh cz_content_box_parent_fx\"><div class=\"fx_shine_hover\"><div id=\"cz_83831\" class=\"cz_83831 cz_content_box clr\"><div class=\"cz_box_front clr\"><div class=\"cz_box_front_inner clr\"><span><\/span><div><div id=\"cz_21925\" data-position=\"top-right\" class=\"cz_21925 cz_image clr cz_image_no_fx center_on_mobile\"><div class=\"\" ><div class=\"cz_image_in\"><div class=\"cz_main_image\"><img decoding=\"async\" width=\"75\" height=\"75\" src=\"https:\/\/horizontaldrilling.net\/wp-content\/uploads\/2023\/12\/Icon-06.png\" class=\"attachment-full\" alt=\"Icon 06\" title=\"Icon-06\" loading=\"lazy\" \/><\/div><\/div><\/div><\/div><div id=\"cz_56805\" class=\"cz_56805 cz_title clr cz_mobile_text_center cz_title_pos_inline\"><div class=\"cz_title_content\"><div class=\"cz_wpe_content\"><div style=\"line-height: 1.4;\"><strong><span style=\"font-size: 28px;\">BORU S\u00dcRME<br class=\"clr\" \/><\/span><\/strong><\/div>\n<div style=\"line-height: 1.4;\"><strong><span style=\"font-size: 28px;\">ve \u00c7EKME<\/span><\/strong><\/div>\n<\/div><\/div><\/div><div id=\"cz_13905\" class=\"cz_13905 cz_title clr cz_mobile_text_center cz_title_pos_inline\"><div class=\"cz_title_content\"><div class=\"cz_wpe_content\"><div style=\"line-height: 1.5;\"><span style=\"font-size: 18px;\">Kaz\u0131s\u0131z yatay boru itme, \u00e7ekme ve s\u00fcrme hizmetleri vermekteyiz.<\/span><\/div>\n<\/div><\/div><\/div><div class=\"\"><div class=\"cz_62979_p\"><a id=\"cz_62979\" class=\"cz_62979 cz_btn cz_btn_txt_move_right cz_btn_no_fx cz_btn_icon_after cz_mobile_btn_center\" href=\"https:\/\/horizontaldrilling.net\/tr\/pipe-driving-pushing\/\" target=\"_blank\" title=\"SERV\u0130SLER\" role=\"button\" tabindex=\"0\" aria-label=\"SERV\u0130SLER\"><span><strong>Devam\u0131n\u0131 Oku<\/strong><i class=\"fa fa-angle-right\"><\/i><\/span><b class=\"cz_btn_onhover\"><strong>Devam\u0131n\u0131 Oku<\/strong><i class=\"fa fa-angle-right\"><\/i><\/b><\/a><\/div><\/div><\/div><\/div><\/div><\/div><\/div><\/div><\/div><\/div><\/div><div class=\"wpb_column vc_column_container vc_col-sm-3\"><div class=\"vc_column-inner\"><div class=\"wpb_wrapper\"><div class=\"cz_eqh cz_content_box_parent_fx\"><div class=\"fx_shine_hover\"><div id=\"cz_62726\" class=\"cz_62726 cz_content_box clr\"><div class=\"cz_box_front clr\"><div class=\"cz_box_front_inner clr\"><span><\/span><div><div id=\"cz_43949\" data-position=\"top-right\" class=\"cz_43949 cz_image clr cz_image_no_fx center_on_mobile\"><div class=\"\" ><div class=\"cz_image_in\"><div class=\"cz_main_image\"><img decoding=\"async\" width=\"75\" height=\"75\" src=\"https:\/\/horizontaldrilling.net\/wp-content\/uploads\/2019\/09\/i1.png\" class=\"attachment-full\" alt=\"I1\" title=\"i1\" loading=\"lazy\" \/><\/div><\/div><\/div><\/div><div id=\"cz_64670\" class=\"cz_64670 cz_title clr cz_mobile_text_center cz_title_pos_inline\"><div class=\"cz_title_content\"><div class=\"cz_wpe_content\"><div style=\"line-height: 1.4;\"><strong><span style=\"font-size: 28px;\">MUD MOTOR <br class=\"clr\" \/>Y\u00d6NLEND\u0130RME<br \/>\n<\/span><\/strong><\/div>\n<\/div><\/div><\/div><div id=\"cz_29233\" class=\"cz_29233 cz_title clr cz_mobile_text_center cz_title_pos_inline\"><div class=\"cz_title_content\"><div class=\"cz_wpe_content\"><div style=\"line-height: 1.5;\"><span style=\"font-size: 18px;\">En sert kayalarda etkin MUD motoru teknolojisi hizmeti vermekteyiz.<\/span><\/div>\n<\/div><\/div><\/div><div class=\"\"><div class=\"cz_71792_p\"><a id=\"cz_71792\" class=\"cz_71792 cz_btn cz_btn_txt_move_right cz_btn_no_fx cz_btn_icon_after cz_mobile_btn_center\" href=\"https:\/\/horizontaldrilling.net\/tr\/mud-motor\/\" target=\"_blank\" title=\"SERV\u0130SLER\" role=\"button\" tabindex=\"0\" aria-label=\"SERV\u0130SLER\"><span><strong>Devam\u0131n\u0131 Oku<\/strong><i class=\"fa fa-angle-right\"><\/i><\/span><b class=\"cz_btn_onhover\"><strong>Devam\u0131n\u0131 Oku<\/strong><i class=\"fa fa-angle-right\"><\/i><\/b><\/a><\/div><\/div><\/div><\/div><\/div><\/div><\/div><\/div><div class=\"cz_eqh cz_content_box_parent_fx\"><div class=\"fx_shine_hover\"><div id=\"cz_108960\" class=\"cz_108960 cz_content_box clr\"><div class=\"cz_box_front clr\"><div class=\"cz_box_front_inner clr\"><span><\/span><div><div id=\"cz_80225\" data-position=\"top-right\" class=\"cz_80225 cz_image clr cz_image_no_fx center_on_mobile\"><div class=\"\" ><div class=\"cz_image_in\"><div class=\"cz_main_image\"><img decoding=\"async\" width=\"75\" height=\"75\" src=\"https:\/\/horizontaldrilling.net\/wp-content\/uploads\/2023\/12\/Icon-05.png\" class=\"attachment-full\" alt=\"Icon 05\" title=\"Icon-05\" loading=\"lazy\" \/><\/div><\/div><\/div><\/div><div id=\"cz_74920\" class=\"cz_74920 cz_title clr cz_mobile_text_center cz_title_pos_inline\"><div class=\"cz_title_content\"><div class=\"cz_wpe_content\"><div style=\"line-height: 1.4;\"><strong><span style=\"font-size: 28px;\"><span class=\"HwtZe\" lang=\"en\"><span class=\"jCAhz ChMk0b\"><span class=\"ryNqvb\">DANI\u015eMALIK<\/span><\/span><\/span><br class=\"clr\" \/>SERV\u0130S\u0130<br \/>\n<\/span><\/strong><\/div>\n<\/div><\/div><\/div><div id=\"cz_49360\" class=\"cz_49360 cz_title clr cz_mobile_text_center cz_title_pos_inline\"><div class=\"cz_title_content\"><div class=\"cz_wpe_content\"><div style=\"line-height: 1.5;\"><span style=\"font-size: 18px;\">\u0130n\u015faat alan\u0131nda profesyonel dan\u0131\u015fmanl\u0131k hizmetleri vermekteyiz.<\/span><\/div>\n<\/div><\/div><\/div><div class=\"\"><div class=\"cz_90317_p\"><a id=\"cz_90317\" class=\"cz_90317 cz_btn cz_btn_txt_move_right cz_btn_no_fx cz_btn_icon_after cz_mobile_btn_center\" href=\"http:\/\/horizontaldrilling.net\/tr\/services\/\" title=\"SERV\u0130SLER\" role=\"button\" tabindex=\"0\" aria-label=\"SERV\u0130SLER\"><span><strong>Devam\u0131n\u0131 Oku<\/strong><i class=\"fa fa-angle-right\"><\/i><\/span><b class=\"cz_btn_onhover\"><strong>Devam\u0131n\u0131 Oku<\/strong><i class=\"fa fa-angle-right\"><\/i><\/b><\/a><\/div><\/div><\/div><\/div><\/div><\/div><\/div><\/div><\/div><\/div><\/div><div class=\"wpb_column vc_column_container vc_col-sm-12 vc_col-md-3 vc_col-xs-12 vc_col-has-fill\"><div class=\"vc_column-inner vc_custom_1701635113383\"><div class=\"wpb_wrapper\"><div id=\"cz_20394\" class=\"cz_20394 cz_title clr cz_title_pos_inline tac\"><div class=\"cz_title_content\"><div class=\"cz_wpe_content\"><h2 style=\"text-align: center;\" class=\"translation-block\"><span style=\"color: #ffffff;font-weight: 300\">Bizim<\/span><br>\n<span style=\"color: #ffffff\">Profesyonel<\/span><br>\n<span style=\"color: #ffffff\">Hizmetlerimiz<\/span><br>\n<span style=\"color: #ffffff;font-weight: 300\">Profesyonel<\/span><br>\n<span style=\"color: #ffffff\">H\u0131zl\u0131<\/span><br>\n<span style=\"color: #ffffff;font-weight: 300\">&amp;<\/span><br>\n<span style=\"color: #ffffff\">G\u00fcvenilir<\/span><\/h2>\n<\/div><\/div><\/div><\/div><\/div><\/div><\/div><div class=\"vc_row-full-width vc_clearfix\"><\/div><div class=\"vc_row wpb_row vc_row-fluid\"><div class=\"wpb_column vc_column_container vc_col-sm-12\"><div class=\"vc_column-inner\"><div class=\"wpb_wrapper\"><div class=\"cz_gap clr\" style=\"height: 5px\"><\/div><\/div><\/div><\/div><\/div>\n<\/div>","protected":false},"excerpt":{"rendered":"HORIZONTAL DRILLING OUR SERVICE QUALITY To be a preferred company in Iraq and abroad and to ensure continuity in quality","protected":false},"author":1,"featured_media":0,"parent":0,"menu_order":0,"comment_status":"closed","ping_status":"closed","template":"","meta":{"footnotes":""},"class_list":["post-883","page","type-page","status-publish","hentry"],"_links":{"self":[{"href":"https:\/\/horizontaldrilling.net\/tr\/wp-json\/wp\/v2\/pages\/883","targetHints":{"allow":["GET"]}}],"collection":[{"href":"https:\/\/horizontaldrilling.net\/tr\/wp-json\/wp\/v2\/pages"}],"about":[{"href":"https:\/\/horizontaldrilling.net\/tr\/wp-json\/wp\/v2\/types\/page"}],"author":[{"embeddable":true,"href":"https:\/\/horizontaldrilling.net\/tr\/wp-json\/wp\/v2\/users\/1"}],"replies":[{"embeddable":true,"href":"https:\/\/horizontaldrilling.net\/tr\/wp-json\/wp\/v2\/comments?post=883"}],"version-history":[{"count":0,"href":"https:\/\/horizontaldrilling.net\/tr\/wp-json\/wp\/v2\/pages\/883\/revisions"}],"wp:attachment":[{"href":"https:\/\/horizontaldrilling.net\/tr\/wp-json\/wp\/v2\/media?parent=883"}],"curies":[{"name":"wp","href":"https:\/\/api.w.org\/{rel}","templated":true}]}}