{"id":1788,"date":"2025-09-13T20:29:00","date_gmt":"2025-09-13T17:29:00","guid":{"rendered":"https:\/\/horizontaldrilling.net\/products-compare\/"},"modified":"2025-09-13T20:29:00","modified_gmt":"2025-09-13T17:29:00","slug":"products-compare","status":"publish","type":"page","link":"https:\/\/horizontaldrilling.net\/tr\/products-compare\/","title":{"rendered":"\u00dcr\u00fcnleri Kar\u015f\u0131la\u015ft\u0131r"},"content":{"rendered":"<div class=\"woocommerce xtra-compare xtra-icon-loading\" data-empty=\"Kar\u015f\u0131la\u015ft\u0131rma listeniz bo\u015f.\" data-nonce=\"37120878b2\"><\/div>","protected":false},"excerpt":{"rendered":"","protected":false},"author":1,"featured_media":0,"parent":0,"menu_order":0,"comment_status":"closed","ping_status":"closed","template":"","meta":{"footnotes":""},"class_list":["post-1788","page","type-page","status-publish","hentry"],"_links":{"self":[{"href":"https:\/\/horizontaldrilling.net\/tr\/wp-json\/wp\/v2\/pages\/1788","targetHints":{"allow":["GET"]}}],"collection":[{"href":"https:\/\/horizontaldrilling.net\/tr\/wp-json\/wp\/v2\/pages"}],"about":[{"href":"https:\/\/horizontaldrilling.net\/tr\/wp-json\/wp\/v2\/types\/page"}],"author":[{"embeddable":true,"href":"https:\/\/horizontaldrilling.net\/tr\/wp-json\/wp\/v2\/users\/1"}],"replies":[{"embeddable":true,"href":"https:\/\/horizontaldrilling.net\/tr\/wp-json\/wp\/v2\/comments?post=1788"}],"version-history":[{"count":0,"href":"https:\/\/horizontaldrilling.net\/tr\/wp-json\/wp\/v2\/pages\/1788\/revisions"}],"wp:attachment":[{"href":"https:\/\/horizontaldrilling.net\/tr\/wp-json\/wp\/v2\/media?parent=1788"}],"curies":[{"name":"wp","href":"https:\/\/api.w.org\/{rel}","templated":true}]}}