{"id":1716,"date":"2023-12-07T14:33:12","date_gmt":"2023-12-07T11:33:12","guid":{"rendered":"https:\/\/horizontaldrilling.net\/?page_id=1716"},"modified":"2023-12-07T16:46:16","modified_gmt":"2023-12-07T13:46:16","slug":"pipe-driving-pushing","status":"publish","type":"page","link":"https:\/\/horizontaldrilling.net\/tr\/pipe-driving-pushing\/","title":{"rendered":"Pipe Driving &#8211; Pushing"},"content":{"rendered":"<div class=\"wpb-content-wrapper\"><div class=\"vc_row wpb_row vc_row-fluid\"><div class=\"wpb_column vc_column_container vc_col-sm-6\"><div class=\"vc_column-inner\"><div class=\"wpb_wrapper\"><div class=\"cz_gap clr\" style=\"height: 65px\"><\/div><div id=\"cz_15857\" class=\"cz_15857 cz_title clr cz_title_pos_inline\"><div class=\"cz_title_content\"><span class=\"cz_line_side_solo\">_<\/span><div class=\"cz_wpe_content\"><h3 style=\"text-align: left;\"><span style=\"color: #000000;\">Kaz\u0131s\u0131z Boru Uygulamalar\u0131<\/span><\/h3>\n<p style=\"text-align: left;\"><span style=\"color: #999999;\">&gt;&gt;<\/span><\/p>\n<\/div><\/div><\/div><div class=\"cz_gap clr\" style=\"height: 25px\"><\/div>\n\t<div class=\"wpb_text_column wpb_content_element\" >\n\t\t<div class=\"wpb_wrapper\">\n\t\t\t<p style=\"text-align: justify;\">Burgulu sondaj, kaz\u0131s\u0131z ge\u00e7i\u015f alternatiflerinden biridir. Di\u011fer sistemlere g\u00f6re \u00e7ok daha eski bir y\u00f6ntemdir. Temel olarak giri\u015f ve \u00e7\u0131k\u0131\u015f noktalar\u0131nda a\u00e7\u0131lan \u00e7ukurlar\u0131n birinden di\u011ferine borunun yatay olarak a\u00e7\u0131lan t\u00fcnel i\u00e7erisine itilmesiyle uygulan\u0131r. Bu y\u00f6ntemle genellikle \u00e7elik ve beton borular kullan\u0131lsa da, beton borular g\u00fcn ge\u00e7tik\u00e7e kullan\u0131m alan\u0131n\u0131 yitirmekte ve yerini \u00e7elik borulara b\u0131rakmaktad\u0131r. Burgulu delme y\u00f6ntemini ikiye ay\u0131rabiliriz: K\u0131lavuzlu burgulu delme ve k\u0131lavuzsuz burgulu delme.<\/p>\n<p style=\"text-align: justify;\">K\u0131lavuzsuz y\u00f6ntem bilinen en eski sistemlerden biridir. \u00d6ncelikle giri\u015f noktas\u0131nda makine ve ekipmanlar\u0131n s\u0131\u011fabilece\u011fi bir \u015faft a\u00e7\u0131l\u0131r. \u015eaft konumu i\u00e7in herhangi bir engel yoksa genellikle makine boyunun 2 kat\u0131 kadar a\u00e7\u0131l\u0131r. Bunun nedeni makinenin yer alt\u0131na \u00e7ekece\u011fi borunun arkas\u0131na yerle\u015ftirilecek olmas\u0131d\u0131r. Yani dizili\u015f s\u0131ras\u0131 t\u00fcnel y\u00fcz\u00fcn\u00fcn \u00f6n k\u0131sm\u0131ndan ba\u015flayarak boru (spiral), makine ve destek duvar\u0131 \u015feklinde d\u00fczenlenmi\u015ftir. \u015eaft d\u0131\u015f\u0131ndaki borular\u0131n i\u00e7ine yerle\u015ftirilen helezonlar, boru yeralt\u0131na s\u00fcr\u00fcl\u00fcrken i\u00e7eriden gelen hafriyatlar\u0131 boru boyunca ta\u015f\u0131r ve makinenin \u00f6n taraf\u0131ndaki bo\u015faltma bo\u015flu\u011fundan \u00e7ukura atarak toplar.<\/p>\n<p style=\"text-align: justify;\">Her projede uygulanan itme kuvveti, \u00e7ak\u0131lan borunun \u00e7ap\u0131na ve zeminin yap\u0131s\u0131na ba\u011fl\u0131 olarak de\u011fi\u015fmektedir. Gerekli durumlarda s\u00fcrt\u00fcnmeyi azalt\u0131c\u0131 ve ya\u011flay\u0131c\u0131 kimyasallar borunun d\u0131\u015f\u0131na uygulanabilir. Deltek, 840 ton itme g\u00fcc\u00fcne sahip ekipman\u0131yla burgu delme y\u00f6ntemini kullanarak 72\u201d (~1830mm) \u00e7apa kadar borular\u0131 yeralt\u0131na alabilmektedir.<\/p>\n\n\t\t<\/div>\n\t<\/div>\n<\/div><\/div><\/div><div class=\"wpb_column vc_column_container vc_col-sm-6\"><div class=\"vc_column-inner\"><div class=\"wpb_wrapper\"><div class=\"cz_gap clr\" style=\"height: 65px\"><\/div><div class=\"cz_gap clr\" style=\"height: 25px\"><\/div><div class=\"cz_gap clr\" style=\"height: 25px\"><\/div><div class=\"cz_gap clr\" style=\"height: 25px\"><\/div><div class=\"cz_gap clr\" style=\"height: 25px\"><\/div><div id=\"cz_92614\" data-position=\"top-right\" class=\"cz_92614 cz_image clr cz_image_no_fx center_on_mobile\"><div class=\"\" ><div class=\"cz_image_in\"><div class=\"cz_main_image\"><img fetchpriority=\"high\" loading=\"eager\" decoding=\"sync\" data-no-lazy=\"1\" width=\"2560\" height=\"1440\" src=\"https:\/\/horizontaldrilling.net\/wp-content\/uploads\/2023\/12\/24-scaled.jpg\" class=\"attachment-full\" alt=\"24\" srcset=\"https:\/\/horizontaldrilling.net\/wp-content\/uploads\/2023\/12\/24-scaled.jpg 2560w, https:\/\/horizontaldrilling.net\/wp-content\/uploads\/2023\/12\/24-scaled-1000x563.jpg 1000w, https:\/\/horizontaldrilling.net\/wp-content\/uploads\/2023\/12\/24-300x169.jpg 300w, https:\/\/horizontaldrilling.net\/wp-content\/uploads\/2023\/12\/24-1024x576.jpg 1024w, https:\/\/horizontaldrilling.net\/wp-content\/uploads\/2023\/12\/24-768x432.jpg 768w, https:\/\/horizontaldrilling.net\/wp-content\/uploads\/2023\/12\/24-1536x864.jpg 1536w, https:\/\/horizontaldrilling.net\/wp-content\/uploads\/2023\/12\/24-2048x1152.jpg 2048w, https:\/\/horizontaldrilling.net\/wp-content\/uploads\/2023\/12\/24-18x10.jpg 18w, https:\/\/horizontaldrilling.net\/wp-content\/uploads\/2023\/12\/24-600x337.jpg 600w\" sizes=\"(max-width: 2560px) 100vw, 2560px\"  \/><\/div><\/div><\/div><\/div><div class=\"cz_gap clr\" style=\"height: 50px\"><\/div><div id=\"cz_23395\" data-position=\"top-right\" class=\"cz_23395 cz_image clr cz_image_no_fx center_on_mobile\"><div class=\"\" ><div class=\"cz_image_in\"><div class=\"cz_main_image\"><img decoding=\"async\" width=\"2560\" height=\"1440\" src=\"https:\/\/horizontaldrilling.net\/wp-content\/uploads\/2023\/12\/25-scaled.jpg\" class=\"attachment-full\" alt=\"25\" srcset=\"https:\/\/horizontaldrilling.net\/wp-content\/uploads\/2023\/12\/25-scaled.jpg 2560w, https:\/\/horizontaldrilling.net\/wp-content\/uploads\/2023\/12\/25-scaled-1000x563.jpg 1000w, https:\/\/horizontaldrilling.net\/wp-content\/uploads\/2023\/12\/25-300x169.jpg 300w, https:\/\/horizontaldrilling.net\/wp-content\/uploads\/2023\/12\/25-1024x576.jpg 1024w, https:\/\/horizontaldrilling.net\/wp-content\/uploads\/2023\/12\/25-768x432.jpg 768w, https:\/\/horizontaldrilling.net\/wp-content\/uploads\/2023\/12\/25-1536x864.jpg 1536w, https:\/\/horizontaldrilling.net\/wp-content\/uploads\/2023\/12\/25-2048x1152.jpg 2048w, https:\/\/horizontaldrilling.net\/wp-content\/uploads\/2023\/12\/25-18x10.jpg 18w, https:\/\/horizontaldrilling.net\/wp-content\/uploads\/2023\/12\/25-600x337.jpg 600w\" sizes=\"auto, (max-width: 2560px) 100vw, 2560px\" loading=\"lazy\" \/><\/div><\/div><\/div><\/div><\/div><\/div><\/div><\/div><div class=\"vc_row wpb_row vc_row-fluid\"><div class=\"wpb_column vc_column_container vc_col-sm-12\"><div class=\"vc_column-inner\"><div class=\"wpb_wrapper\"><div class=\"cz_gap clr\" style=\"height: 100px\"><\/div><\/div><\/div><\/div><\/div><div class=\"vc_row wpb_row vc_row-fluid\"><div class=\"wpb_column vc_column_container vc_col-sm-12\"><div class=\"vc_column-inner\"><div class=\"wpb_wrapper\"><\/div><\/div><\/div><\/div>\n<\/div>","protected":false},"excerpt":{"rendered":"_Pipe Applications &gt;&gt; Auger boring is one of the trenchless transition alternatives. Compared to other systems, it is a much","protected":false},"author":1,"featured_media":0,"parent":0,"menu_order":0,"comment_status":"closed","ping_status":"closed","template":"","meta":{"footnotes":""},"class_list":["post-1716","page","type-page","status-publish","hentry"],"_links":{"self":[{"href":"https:\/\/horizontaldrilling.net\/tr\/wp-json\/wp\/v2\/pages\/1716","targetHints":{"allow":["GET"]}}],"collection":[{"href":"https:\/\/horizontaldrilling.net\/tr\/wp-json\/wp\/v2\/pages"}],"about":[{"href":"https:\/\/horizontaldrilling.net\/tr\/wp-json\/wp\/v2\/types\/page"}],"author":[{"embeddable":true,"href":"https:\/\/horizontaldrilling.net\/tr\/wp-json\/wp\/v2\/users\/1"}],"replies":[{"embeddable":true,"href":"https:\/\/horizontaldrilling.net\/tr\/wp-json\/wp\/v2\/comments?post=1716"}],"version-history":[{"count":0,"href":"https:\/\/horizontaldrilling.net\/tr\/wp-json\/wp\/v2\/pages\/1716\/revisions"}],"wp:attachment":[{"href":"https:\/\/horizontaldrilling.net\/tr\/wp-json\/wp\/v2\/media?parent=1716"}],"curies":[{"name":"wp","href":"https:\/\/api.w.org\/{rel}","templated":true}]}}