{"id":1714,"date":"2023-12-07T14:28:07","date_gmt":"2023-12-07T11:28:07","guid":{"rendered":"https:\/\/horizontaldrilling.net\/?page_id=1714"},"modified":"2023-12-07T17:19:17","modified_gmt":"2023-12-07T14:19:17","slug":"boring-system","status":"publish","type":"page","link":"https:\/\/horizontaldrilling.net\/tr\/boring-system\/","title":{"rendered":"Helezonlu Yatay Sondaj Sistemi"},"content":{"rendered":"<div class=\"wpb-content-wrapper\"><div class=\"vc_row wpb_row vc_row-fluid\"><div class=\"wpb_column vc_column_container vc_col-sm-6\"><div class=\"vc_column-inner\"><div class=\"wpb_wrapper\"><div class=\"cz_gap clr\" style=\"height: 65px\"><\/div><div id=\"cz_91004\" class=\"cz_91004 cz_title clr cz_title_pos_inline\"><div class=\"cz_title_content\"><span class=\"cz_line_side_solo\">_<\/span><div class=\"cz_wpe_content\"><h3 style=\"text-align: left;\"><span style=\"color: #000000;\">Helezonlu (Boring) Sistem<\/span><\/h3>\n<p style=\"text-align: left;\"><span style=\"color: #999999;\">&gt;&gt;<\/span><\/p>\n<\/div><\/div><\/div><div class=\"cz_gap clr\" style=\"height: 25px\"><\/div>\n\t<div class=\"wpb_text_column wpb_content_element\" >\n\t\t<div class=\"wpb_wrapper\">\n\t\t\t<p style=\"text-align: justify;\">Bu son teknoloji \u00fcr\u00fcn\u00fc yatay delme makinesi, g\u00fcvenilirli\u011fi kan\u0131tlanm\u0131\u015f, y\u00fcksek torklu Deutz hava so\u011futmal\u0131 dizel motorla \u00e7al\u0131\u015ft\u0131r\u0131l\u0131r. Performans iyile\u015ftirmeleri aras\u0131nda 115.000 lbs sa\u011flayan daha uzun stroklu ikiz hidrolik silindirler bulunur. ileri itme. rakip modellere g\u00f6re 'lik bir art\u0131\u015f; kontrol konsolundan \u00e7al\u0131\u015ft\u0131r\u0131lan hidrolik k\u00f6pek plakas\u0131; hem burgu d\u00f6n\u00fc\u015f\u00fcn\u00fc hem de itme kuvvetini kontrol eden tek bir tutma yeri; Bak\u0131m\u0131 azaltmak ve servis \u00f6mr\u00fcn\u00fc uzatmak i\u00e7in OPC hidrolik kavrama; ayakla \u00e7al\u0131\u015ft\u0131r\u0131lan palet freni; ve daha fazla at\u0131k tahliyesi i\u00e7in uzat\u0131lm\u0131\u015f mahfaza itici. Bu burgulu delme sistemi ve Yatay Sondaj\u0131n\u0131z\u0131n ad\u0131 hakk\u0131nda daha fazla bilgi almak i\u00e7in aray\u0131n.<\/p>\n<p style=\"text-align: justify;\">Boring y\u00f6ntemi, 300 mm ile 1600 mm \u00e7aplar\u0131 aras\u0131ndaki \u00e7elik borular\u0131n yatay matkap yard\u0131m\u0131yla kayd\u0131r\u0131lmas\u0131 i\u015flemidir. Bu y\u00f6ntemle her t\u00fcrl\u00fc otoyol, kara yolu ve demiryolu ge\u00e7i\u015fleri elde edilmektedir. Spiral sonuna kadar gittikten sonra d\u00f6nme hareketi durdurulur. Makine boru uzunlu\u011funa kadar geri \u00e7ekilir ve spiralli di\u011fer boru tekrar indirilir.<\/p>\n<p style=\"text-align: justify;\">Vidal\u0131 Yatay Delme Sistemi boru hatlar\u0131, kablolar ve di\u011fer altyap\u0131 sistemlerinin zemine d\u00f6\u015fenmesinde kullan\u0131lan bir y\u00f6ntemdir. Bu y\u00f6ntem, yatay delme teknolojisi kullan\u0131larak yerden ge\u00e7en uzun boru hatlar\u0131 ve kablolar\u0131n d\u00f6\u015fenmesi i\u00e7in tasarlanm\u0131\u015ft\u0131r. Yatay Delmede spiralin sonuna kadar gitmesinden sonra d\u00f6nme hareketi durdurulur. Makine boru uzunlu\u011fu kadar geriye \u00e7ekilir ve i\u00e7indeki spiral bulunan di\u011fer boru tekrar indirilir. Hat bitene kadar kaynak i\u015flemine devam edilir.<\/p>\n\n\t\t<\/div>\n\t<\/div>\n<\/div><\/div><\/div><div class=\"wpb_column vc_column_container vc_col-sm-6\"><div class=\"vc_column-inner\"><div class=\"wpb_wrapper\"><div class=\"cz_gap clr\" style=\"height: 65px\"><\/div><div class=\"cz_gap clr\" style=\"height: 25px\"><\/div><div class=\"cz_gap clr\" style=\"height: 25px\"><\/div><div class=\"cz_gap clr\" style=\"height: 25px\"><\/div><div class=\"cz_gap clr\" style=\"height: 25px\"><\/div><div id=\"cz_90268\" data-position=\"top-right\" class=\"cz_90268 cz_image clr cz_image_no_fx center_on_mobile\"><div class=\"\" ><div class=\"cz_image_in\"><div class=\"cz_main_image\"><img fetchpriority=\"high\" loading=\"eager\" decoding=\"sync\" data-no-lazy=\"1\" width=\"1370\" height=\"630\" src=\"https:\/\/horizontaldrilling.net\/wp-content\/uploads\/2023\/12\/20.jpg\" class=\"attachment-full\" alt=\"20\" srcset=\"https:\/\/horizontaldrilling.net\/wp-content\/uploads\/2023\/12\/20.jpg 1370w, https:\/\/horizontaldrilling.net\/wp-content\/uploads\/2023\/12\/20-1000x460.jpg 1000w, https:\/\/horizontaldrilling.net\/wp-content\/uploads\/2023\/12\/20-300x138.jpg 300w, https:\/\/horizontaldrilling.net\/wp-content\/uploads\/2023\/12\/20-1024x471.jpg 1024w, https:\/\/horizontaldrilling.net\/wp-content\/uploads\/2023\/12\/20-768x353.jpg 768w, https:\/\/horizontaldrilling.net\/wp-content\/uploads\/2023\/12\/20-18x8.jpg 18w, https:\/\/horizontaldrilling.net\/wp-content\/uploads\/2023\/12\/20-600x276.jpg 600w\" sizes=\"(max-width: 1370px) 100vw, 1370px\"  \/><\/div><\/div><\/div><\/div><div class=\"cz_gap clr\" style=\"height: 50px\"><\/div><div id=\"cz_77957\" data-position=\"top-right\" class=\"cz_77957 cz_image clr cz_image_no_fx center_on_mobile\"><div class=\"\" ><div class=\"cz_image_in\"><div class=\"cz_main_image\"><img decoding=\"async\" width=\"2560\" height=\"1440\" src=\"https:\/\/horizontaldrilling.net\/wp-content\/uploads\/2023\/12\/26-scaled.jpg\" class=\"attachment-full\" alt=\"26\" srcset=\"https:\/\/horizontaldrilling.net\/wp-content\/uploads\/2023\/12\/26-scaled.jpg 2560w, https:\/\/horizontaldrilling.net\/wp-content\/uploads\/2023\/12\/26-scaled-1000x563.jpg 1000w, https:\/\/horizontaldrilling.net\/wp-content\/uploads\/2023\/12\/26-300x169.jpg 300w, https:\/\/horizontaldrilling.net\/wp-content\/uploads\/2023\/12\/26-1024x576.jpg 1024w, https:\/\/horizontaldrilling.net\/wp-content\/uploads\/2023\/12\/26-768x432.jpg 768w, https:\/\/horizontaldrilling.net\/wp-content\/uploads\/2023\/12\/26-1536x864.jpg 1536w, https:\/\/horizontaldrilling.net\/wp-content\/uploads\/2023\/12\/26-2048x1152.jpg 2048w, https:\/\/horizontaldrilling.net\/wp-content\/uploads\/2023\/12\/26-18x10.jpg 18w, https:\/\/horizontaldrilling.net\/wp-content\/uploads\/2023\/12\/26-600x337.jpg 600w\" sizes=\"auto, (max-width: 2560px) 100vw, 2560px\" loading=\"lazy\" \/><\/div><\/div><\/div><\/div><\/div><\/div><\/div><\/div><div class=\"vc_row wpb_row vc_row-fluid\"><div class=\"wpb_column vc_column_container vc_col-sm-12\"><div class=\"vc_column-inner\"><div class=\"wpb_wrapper\"><div class=\"cz_gap clr\" style=\"height: 100px\"><\/div><\/div><\/div><\/div><\/div><div class=\"vc_row wpb_row vc_row-fluid\"><div class=\"wpb_column vc_column_container vc_col-sm-12\"><div class=\"vc_column-inner\"><div class=\"wpb_wrapper\"><\/div><\/div><\/div><\/div>\n<\/div>","protected":false},"excerpt":{"rendered":"_Boring Systems &gt;&gt; This state of the art horizontal boring machine is powered by a high torque Deutz air cooled","protected":false},"author":1,"featured_media":0,"parent":0,"menu_order":0,"comment_status":"closed","ping_status":"closed","template":"","meta":{"footnotes":""},"class_list":["post-1714","page","type-page","status-publish","hentry"],"_links":{"self":[{"href":"https:\/\/horizontaldrilling.net\/tr\/wp-json\/wp\/v2\/pages\/1714","targetHints":{"allow":["GET"]}}],"collection":[{"href":"https:\/\/horizontaldrilling.net\/tr\/wp-json\/wp\/v2\/pages"}],"about":[{"href":"https:\/\/horizontaldrilling.net\/tr\/wp-json\/wp\/v2\/types\/page"}],"author":[{"embeddable":true,"href":"https:\/\/horizontaldrilling.net\/tr\/wp-json\/wp\/v2\/users\/1"}],"replies":[{"embeddable":true,"href":"https:\/\/horizontaldrilling.net\/tr\/wp-json\/wp\/v2\/comments?post=1714"}],"version-history":[{"count":0,"href":"https:\/\/horizontaldrilling.net\/tr\/wp-json\/wp\/v2\/pages\/1714\/revisions"}],"wp:attachment":[{"href":"https:\/\/horizontaldrilling.net\/tr\/wp-json\/wp\/v2\/media?parent=1714"}],"curies":[{"name":"wp","href":"https:\/\/api.w.org\/{rel}","templated":true}]}}