{"id":1712,"date":"2023-12-07T14:26:14","date_gmt":"2023-12-07T11:26:14","guid":{"rendered":"https:\/\/horizontaldrilling.net\/?page_id=1712"},"modified":"2023-12-07T17:05:41","modified_gmt":"2023-12-07T14:05:41","slug":"mud-motor","status":"publish","type":"page","link":"https:\/\/horizontaldrilling.net\/tr\/mud-motor\/","title":{"rendered":"MUD Motor"},"content":{"rendered":"<div class=\"wpb-content-wrapper\"><div class=\"vc_row wpb_row vc_row-fluid\"><div class=\"wpb_column vc_column_container vc_col-sm-6\"><div class=\"vc_column-inner\"><div class=\"wpb_wrapper\"><div class=\"cz_gap clr\" style=\"height: 65px\"><\/div><div id=\"cz_91274\" class=\"cz_91274 cz_title clr cz_title_pos_inline\"><div class=\"cz_title_content\"><span class=\"cz_line_side_solo\">_<\/span><div class=\"cz_wpe_content\"><h3 style=\"text-align: left;\"><span style=\"color: #000000;\">MUD Motor Teknolojisi<br \/>\n<\/span><\/h3>\n<p style=\"text-align: left;\"><span style=\"color: #999999;\">&gt;&gt;<\/span><\/p>\n<\/div><\/div><\/div><div class=\"cz_gap clr\" style=\"height: 25px\"><\/div>\n\t<div class=\"wpb_text_column wpb_content_element\" >\n\t\t<div class=\"wpb_wrapper\">\n\t\t\t<div style=\"line-height: 1.3; text-align: justify;\">\n<div class=\"wpb_text_column wpb_content_element vc_custom_1554745305672\">\n<div class=\"wpb_wrapper\">\n<p>Sert topraklar\u0131 (kaya vb.) y\u00f6nlendirme \u00f6zelli\u011fine sahip k\u0131lavuz delik delmek i\u00e7in kullan\u0131lan \u00e7amur motoru, sondaj suyu ve sondaj u\u00e7lar\u0131ndaki \u00e7amurun \u00fcretti\u011fi bas\u0131n\u00e7l\u0131 s\u0131v\u0131 ak\u0131\u015f hareketi ile \u00e7al\u0131\u015f\u0131r.<\/p>\n<p>Mud Motor, sondaj s\u0131v\u0131s\u0131n\u0131n bas\u0131nc\u0131ndan elde edilen tork g\u00fcc\u00fc ile altyap\u0131daki t\u00fcm engelleri a\u015fabilmektedir. \u00dclkemizin alt yap\u0131s\u0131na kazand\u0131rd\u0131\u011f\u0131m\u0131z Mud Motor teknolojisi sayesinde altyap\u0131 i\u015flerinizde kar\u015f\u0131la\u015f\u0131labilecek kaya, beton blok ve sert zeminlerin a\u015f\u0131lmas\u0131nda h\u0131zl\u0131 ve kaliteli \u00e7\u00f6z\u00fcm orta\u011f\u0131n\u0131z\u0131z.<\/p>\n<p>Avantajlar\u0131; Elmas veya PDC u\u00e7lar\u0131 kullanan motorlarla son derece sert kaya olu\u015fumlar\u0131 delinebilir. Y\u00fcksek d\u00f6n\u00fc\u015f h\u0131z\u0131 sayesinde y\u00fcksek penetrasyon oranlar\u0131 elde edilebilir. Motorun ba\u011f\u0131ms\u0131z olarak \u00fcretti\u011fi beygir g\u00fcc\u00fc veya tork sayesinde kaya zeminlerde pilot sondaj yap\u0131lmas\u0131nda ve k\u0131lavuz deli\u011finin a\u00e7\u0131lmas\u0131nda da rehberlik sa\u011flar.<\/p>\n<p>Geli\u015fen teknolojiyle birlikte yatay sondaj hem uygulama kolayl\u0131\u011f\u0131 hem de maliyet a\u00e7\u0131s\u0131ndan b\u00fcy\u00fck \u00f6nem ta\u015f\u0131yor. Mud Engine g\u00fcc\u00fc sert kayalarda engel tan\u0131maz. Kaz\u0131s\u0131z altyap\u0131 \u00e7\u00f6z\u00fcmlerimiz ile kaz\u0131ya gerek kalmadan hizmetlerimiz ve \u00e7al\u0131\u015fmalar\u0131m\u0131z kesintisiz devam etmektedir. \u00d6zellikle ara\u00e7 trafi\u011fini ve yaya trafi\u011fini etkilemeden, HDPE boru, \u00e7elik keson ve \u00e7elik boru hatlar\u0131n\u0131 kazmadan, kaz\u0131c\u0131, y\u00fckleyici veya dozere ihtiya\u00e7 duymadan altyap\u0131 sorunlar\u0131n\u0131za \u00e7\u00f6z\u00fcm \u00fcretiyoruz.<\/p>\n<p>Son derece sert kaya olu\u015fumlar\u0131, elmas veya PDC u\u00e7lar\u0131 kullanan motorlarla delinebilir. D\u00f6nme h\u0131zlar\u0131 y\u00fcksek oldu\u011fundan y\u00fcksek penetrasyon h\u0131zlar\u0131na ula\u015f\u0131labilir. Motorun ba\u011f\u0131ms\u0131z olarak \u00fcretti\u011fi beygir g\u00fcc\u00fc veya tork g\u00fcc\u00fc sayesinde pilot matkab\u0131n kayal\u0131k zeminde y\u00f6nlendirilmesini ve k\u0131lavuz deli\u011fin kusursuz bir \u015fekilde a\u00e7\u0131lmas\u0131n\u0131 sa\u011flar.<\/p>\n<p><strong>\u201cBu G\u00fcce G\u00fcvenin\u201d<\/strong><\/p>\n<\/div>\n<\/div>\n<\/div>\n\n\t\t<\/div>\n\t<\/div>\n<\/div><\/div><\/div><div class=\"wpb_column vc_column_container vc_col-sm-6\"><div class=\"vc_column-inner\"><div class=\"wpb_wrapper\"><div class=\"cz_gap clr\" style=\"height: 65px\"><\/div><div class=\"cz_gap clr\" style=\"height: 25px\"><\/div><div class=\"cz_gap clr\" style=\"height: 25px\"><\/div><div class=\"cz_gap clr\" style=\"height: 25px\"><\/div><div class=\"cz_gap clr\" style=\"height: 25px\"><\/div><div id=\"cz_84259\" data-position=\"top-right\" class=\"cz_84259 cz_image clr cz_image_no_fx center_on_mobile\"><div class=\"\" ><div class=\"cz_image_in\"><div class=\"cz_main_image\"><img fetchpriority=\"high\" loading=\"eager\" decoding=\"sync\" data-no-lazy=\"1\" width=\"1370\" height=\"630\" src=\"https:\/\/horizontaldrilling.net\/wp-content\/uploads\/2023\/12\/22.jpg\" class=\"attachment-full\" alt=\"22\" srcset=\"https:\/\/horizontaldrilling.net\/wp-content\/uploads\/2023\/12\/22.jpg 1370w, https:\/\/horizontaldrilling.net\/wp-content\/uploads\/2023\/12\/22-1000x460.jpg 1000w, https:\/\/horizontaldrilling.net\/wp-content\/uploads\/2023\/12\/22-300x138.jpg 300w, https:\/\/horizontaldrilling.net\/wp-content\/uploads\/2023\/12\/22-1024x471.jpg 1024w, https:\/\/horizontaldrilling.net\/wp-content\/uploads\/2023\/12\/22-768x353.jpg 768w, https:\/\/horizontaldrilling.net\/wp-content\/uploads\/2023\/12\/22-18x8.jpg 18w, https:\/\/horizontaldrilling.net\/wp-content\/uploads\/2023\/12\/22-600x276.jpg 600w\" sizes=\"(max-width: 1370px) 100vw, 1370px\"  \/><\/div><\/div><\/div><\/div><div class=\"cz_gap clr\" style=\"height: 50px\"><\/div><div id=\"cz_102366\" data-position=\"top-right\" class=\"cz_102366 cz_image clr cz_image_no_fx center_on_mobile\"><div class=\"\" ><div class=\"cz_image_in\"><div class=\"cz_main_image\"><img decoding=\"async\" width=\"2560\" height=\"1440\" src=\"https:\/\/horizontaldrilling.net\/wp-content\/uploads\/2023\/12\/23-scaled.jpg\" class=\"attachment-full\" alt=\"23\" srcset=\"https:\/\/horizontaldrilling.net\/wp-content\/uploads\/2023\/12\/23-scaled.jpg 2560w, https:\/\/horizontaldrilling.net\/wp-content\/uploads\/2023\/12\/23-scaled-1000x563.jpg 1000w, https:\/\/horizontaldrilling.net\/wp-content\/uploads\/2023\/12\/23-300x169.jpg 300w, https:\/\/horizontaldrilling.net\/wp-content\/uploads\/2023\/12\/23-1024x576.jpg 1024w, https:\/\/horizontaldrilling.net\/wp-content\/uploads\/2023\/12\/23-768x432.jpg 768w, https:\/\/horizontaldrilling.net\/wp-content\/uploads\/2023\/12\/23-1536x864.jpg 1536w, https:\/\/horizontaldrilling.net\/wp-content\/uploads\/2023\/12\/23-2048x1152.jpg 2048w, https:\/\/horizontaldrilling.net\/wp-content\/uploads\/2023\/12\/23-18x10.jpg 18w, https:\/\/horizontaldrilling.net\/wp-content\/uploads\/2023\/12\/23-600x337.jpg 600w\" sizes=\"auto, (max-width: 2560px) 100vw, 2560px\" loading=\"lazy\" \/><\/div><\/div><\/div><\/div><\/div><\/div><\/div><\/div><div class=\"vc_row wpb_row vc_row-fluid\"><div class=\"wpb_column vc_column_container vc_col-sm-12\"><div class=\"vc_column-inner\"><div class=\"wpb_wrapper\"><div class=\"cz_gap clr\" style=\"height: 100px\"><\/div><\/div><\/div><\/div><\/div><div class=\"vc_row wpb_row vc_row-fluid\"><div class=\"wpb_column vc_column_container vc_col-sm-12\"><div class=\"vc_column-inner\"><div class=\"wpb_wrapper\"><\/div><\/div><\/div><\/div>\n<\/div>","protected":false},"excerpt":{"rendered":"_MUD Motor Technology &gt;&gt; Mud motor used for drilling guide hole with the ability to redirect firm soils (rock etc.)","protected":false},"author":1,"featured_media":0,"parent":0,"menu_order":0,"comment_status":"closed","ping_status":"closed","template":"","meta":{"footnotes":""},"class_list":["post-1712","page","type-page","status-publish","hentry"],"_links":{"self":[{"href":"https:\/\/horizontaldrilling.net\/tr\/wp-json\/wp\/v2\/pages\/1712","targetHints":{"allow":["GET"]}}],"collection":[{"href":"https:\/\/horizontaldrilling.net\/tr\/wp-json\/wp\/v2\/pages"}],"about":[{"href":"https:\/\/horizontaldrilling.net\/tr\/wp-json\/wp\/v2\/types\/page"}],"author":[{"embeddable":true,"href":"https:\/\/horizontaldrilling.net\/tr\/wp-json\/wp\/v2\/users\/1"}],"replies":[{"embeddable":true,"href":"https:\/\/horizontaldrilling.net\/tr\/wp-json\/wp\/v2\/comments?post=1712"}],"version-history":[{"count":0,"href":"https:\/\/horizontaldrilling.net\/tr\/wp-json\/wp\/v2\/pages\/1712\/revisions"}],"wp:attachment":[{"href":"https:\/\/horizontaldrilling.net\/tr\/wp-json\/wp\/v2\/media?parent=1712"}],"curies":[{"name":"wp","href":"https:\/\/api.w.org\/{rel}","templated":true}]}}