{"id":1700,"date":"2023-12-07T12:46:28","date_gmt":"2023-12-07T09:46:28","guid":{"rendered":"https:\/\/horizontaldrilling.net\/?page_id=1700"},"modified":"2023-12-07T13:02:48","modified_gmt":"2023-12-07T10:02:48","slug":"environmental-importance","status":"publish","type":"page","link":"https:\/\/horizontaldrilling.net\/tr\/environmental-importance\/","title":{"rendered":"\u00c7evresel \u00d6nem"},"content":{"rendered":"<div class=\"wpb-content-wrapper\"><div class=\"vc_row wpb_row vc_row-fluid\"><div class=\"wpb_column vc_column_container vc_col-sm-6\"><div class=\"vc_column-inner\"><div class=\"wpb_wrapper\"><div class=\"cz_gap clr\" style=\"height: 65px\"><\/div><div id=\"cz_53798\" class=\"cz_53798 cz_title clr cz_title_pos_inline\"><div class=\"cz_title_content\"><span class=\"cz_line_side_solo\">_<\/span><div class=\"cz_wpe_content\"><h3 style=\"text-align: left;\"><span style=\"color: #000000;\">\u00c7evresel \u00d6nem<\/span><\/h3>\n<p style=\"text-align: left;\"><span style=\"color: #999999;\">&gt;&gt;<\/span><\/p>\n<\/div><\/div><\/div><div class=\"cz_gap clr\" style=\"height: 25px\"><\/div>\n\t<div class=\"wpb_text_column wpb_content_element\" >\n\t\t<div class=\"wpb_wrapper\">\n\t\t\t<p style=\"text-align: justify;\">\u00dclkemizin altyap\u0131 i\u015flerinde i\u00e7me suyu, at\u0131k su, ya\u011fmur suyu, do\u011falgaz ve elektrik kablolar\u0131n\u0131n yer alt\u0131na al\u0131nmas\u0131ndan sonra cadde, sokak, mahalle, asfalt kaplamalar aras\u0131nda zeminde s\u00fcrekli yama i\u015flemleri yapt\u0131r\u0131lmaktad\u0131r. Altyap\u0131 \u00e7al\u0131\u015fmalar\u0131n\u0131n tamamlanmas\u0131n\u0131n hemen ard\u0131ndan yollarda meydana gelen \u00e7\u00f6kmeler ve hatta oyuklar zarar g\u00f6rmekte ve devlet b\u00fct\u00e7esine zarar vermektedir.<\/p>\n<p style=\"text-align: justify;\">Her t\u00fcrl\u00fc altyap\u0131 \u00e7al\u0131\u015fmas\u0131 i\u00e7in kaz\u0131lan ve kaz\u0131lan asfaltlar, hatal\u0131 dolgu nedeniyle zamanla \u00e7\u00f6kmekte ve bu durum yolda engebelerin olu\u015fmas\u0131na, asfaltta \u00e7atlak ve t\u00fcmseklerin olu\u015fmas\u0131na ve ayr\u0131ca yolun d\u00fczg\u00fcn olmamas\u0131na neden olmaktad\u0131r. Ayr\u0131ca devam eden ve bitmeyen altyap\u0131 \u00e7al\u0131\u015fmalar\u0131 yollar\u0131 \u00e7amura \u00e7evirerek zaman kayb\u0131na ve kirlili\u011fe neden oluyor.<\/p>\n<p style=\"text-align: justify;\">Yollarda meydana gelen bu bozukluklar ara\u00e7lar\u0131n zarar g\u00f6rmesine ve trafik kazalar\u0131na neden olmaktad\u0131r. Bu sorunlar\u0131n ortaya \u00e7\u0131kmas\u0131 Kaz\u0131s\u0131z Y\u00f6nl\u00fc Yatay Sondaj Teknolojisi ile engellenmektedir.<\/p>\n\n\t\t<\/div>\n\t<\/div>\n<\/div><\/div><\/div><div class=\"wpb_column vc_column_container vc_col-sm-6\"><div class=\"vc_column-inner\"><div class=\"wpb_wrapper\"><div class=\"cz_gap clr\" style=\"height: 65px\"><\/div><div class=\"cz_gap clr\" style=\"height: 25px\"><\/div><div class=\"cz_gap clr\" style=\"height: 25px\"><\/div><div class=\"cz_gap clr\" style=\"height: 25px\"><\/div><div class=\"cz_gap clr\" style=\"height: 25px\"><\/div><div id=\"cz_99783\" data-position=\"top-right\" class=\"cz_99783 cz_image clr cz_image_no_fx center_on_mobile\"><div class=\"\" ><div class=\"cz_image_in\"><div class=\"cz_main_image\"><img fetchpriority=\"high\" loading=\"eager\" decoding=\"sync\" data-no-lazy=\"1\" width=\"1370\" height=\"630\" src=\"https:\/\/horizontaldrilling.net\/wp-content\/uploads\/2023\/12\/17.jpg\" class=\"attachment-full\" alt=\"17\" srcset=\"https:\/\/horizontaldrilling.net\/wp-content\/uploads\/2023\/12\/17.jpg 1370w, https:\/\/horizontaldrilling.net\/wp-content\/uploads\/2023\/12\/17-1000x460.jpg 1000w, https:\/\/horizontaldrilling.net\/wp-content\/uploads\/2023\/12\/17-300x138.jpg 300w, https:\/\/horizontaldrilling.net\/wp-content\/uploads\/2023\/12\/17-1024x471.jpg 1024w, https:\/\/horizontaldrilling.net\/wp-content\/uploads\/2023\/12\/17-768x353.jpg 768w, https:\/\/horizontaldrilling.net\/wp-content\/uploads\/2023\/12\/17-18x8.jpg 18w, https:\/\/horizontaldrilling.net\/wp-content\/uploads\/2023\/12\/17-600x276.jpg 600w\" sizes=\"(max-width: 1370px) 100vw, 1370px\"  \/><\/div><\/div><\/div><\/div><div class=\"cz_gap clr\" style=\"height: 50px\"><\/div><div id=\"cz_108401\" data-position=\"top-right\" class=\"cz_108401 cz_image clr cz_image_no_fx center_on_mobile\"><div class=\"\" ><div class=\"cz_image_in\"><div class=\"cz_main_image\"><img decoding=\"async\" width=\"1370\" height=\"630\" src=\"https:\/\/horizontaldrilling.net\/wp-content\/uploads\/2023\/12\/18.jpg\" class=\"attachment-full\" alt=\"18\" srcset=\"https:\/\/horizontaldrilling.net\/wp-content\/uploads\/2023\/12\/18.jpg 1370w, https:\/\/horizontaldrilling.net\/wp-content\/uploads\/2023\/12\/18-1000x460.jpg 1000w, https:\/\/horizontaldrilling.net\/wp-content\/uploads\/2023\/12\/18-300x138.jpg 300w, https:\/\/horizontaldrilling.net\/wp-content\/uploads\/2023\/12\/18-1024x471.jpg 1024w, https:\/\/horizontaldrilling.net\/wp-content\/uploads\/2023\/12\/18-768x353.jpg 768w, https:\/\/horizontaldrilling.net\/wp-content\/uploads\/2023\/12\/18-18x8.jpg 18w, https:\/\/horizontaldrilling.net\/wp-content\/uploads\/2023\/12\/18-600x276.jpg 600w\" sizes=\"auto, (max-width: 1370px) 100vw, 1370px\" loading=\"lazy\" \/><\/div><\/div><\/div><\/div><\/div><\/div><\/div><\/div><div class=\"vc_row wpb_row vc_row-fluid\"><div class=\"wpb_column vc_column_container vc_col-sm-12\"><div class=\"vc_column-inner\"><div class=\"wpb_wrapper\"><div class=\"cz_gap clr\" style=\"height: 100px\"><\/div><\/div><\/div><\/div><\/div><div class=\"vc_row wpb_row vc_row-fluid\"><div class=\"wpb_column vc_column_container vc_col-sm-12\"><div class=\"vc_column-inner\"><div class=\"wpb_wrapper\"><\/div><\/div><\/div><\/div>\n<\/div>","protected":false},"excerpt":{"rendered":"_Environmental Importance &gt;&gt; In the infrastructure works of our country, drinking water, wastewater, rain water, natural gas and electricity cables","protected":false},"author":1,"featured_media":0,"parent":0,"menu_order":0,"comment_status":"closed","ping_status":"closed","template":"","meta":{"footnotes":""},"class_list":["post-1700","page","type-page","status-publish","hentry"],"_links":{"self":[{"href":"https:\/\/horizontaldrilling.net\/tr\/wp-json\/wp\/v2\/pages\/1700","targetHints":{"allow":["GET"]}}],"collection":[{"href":"https:\/\/horizontaldrilling.net\/tr\/wp-json\/wp\/v2\/pages"}],"about":[{"href":"https:\/\/horizontaldrilling.net\/tr\/wp-json\/wp\/v2\/types\/page"}],"author":[{"embeddable":true,"href":"https:\/\/horizontaldrilling.net\/tr\/wp-json\/wp\/v2\/users\/1"}],"replies":[{"embeddable":true,"href":"https:\/\/horizontaldrilling.net\/tr\/wp-json\/wp\/v2\/comments?post=1700"}],"version-history":[{"count":0,"href":"https:\/\/horizontaldrilling.net\/tr\/wp-json\/wp\/v2\/pages\/1700\/revisions"}],"wp:attachment":[{"href":"https:\/\/horizontaldrilling.net\/tr\/wp-json\/wp\/v2\/media?parent=1700"}],"curies":[{"name":"wp","href":"https:\/\/api.w.org\/{rel}","templated":true}]}}