{"id":1659,"date":"2023-12-07T10:23:16","date_gmt":"2023-12-07T07:23:16","guid":{"rendered":"https:\/\/horizontaldrilling.net\/?page_id=1659"},"modified":"2023-12-07T14:23:57","modified_gmt":"2023-12-07T11:23:57","slug":"what-is-horizontal-drilling","status":"publish","type":"page","link":"https:\/\/horizontaldrilling.net\/tr\/what-is-horizontal-drilling\/","title":{"rendered":"Yatay Sondaj Nedir?"},"content":{"rendered":"<div class=\"wpb-content-wrapper\"><div class=\"vc_row wpb_row vc_row-fluid\"><div class=\"wpb_column vc_column_container vc_col-sm-6\"><div class=\"vc_column-inner\"><div class=\"wpb_wrapper\"><div class=\"cz_gap clr\" style=\"height: 65px\"><\/div><div id=\"cz_40451\" class=\"cz_40451 cz_title clr cz_title_pos_inline\"><div class=\"cz_title_content\"><span class=\"cz_line_side_solo\">_<\/span><div class=\"cz_wpe_content\"><h3 style=\"text-align: left;\"><span style=\"color: #000000;\">Yatay Sondaj Nedir?<br \/>\n<\/span><\/h3>\n<p style=\"text-align: left;\"><span style=\"color: #999999;\">&gt;&gt;<\/span><\/p>\n<\/div><\/div><\/div><div class=\"cz_gap clr\" style=\"height: 25px\"><\/div>\n\t<div class=\"wpb_text_column wpb_content_element\" >\n\t\t<div class=\"wpb_wrapper\">\n\t\t\t<div style=\"line-height: 1.3; text-align: justify;\">\n<p>\u201cH\u0131zla geli\u015fen d\u00fcnyada projelerin daha k\u0131sa s\u00fcrede ve daha ekonomik \u015fekilde yer alt\u0131na al\u0131nmas\u0131 konusunda b\u00fcy\u00fck bir yar\u0131\u015f ya\u015fan\u0131yor. ABD'de 1983 y\u0131l\u0131ndan bu yana uygulanan y\u00f6nl\u00fc yatay sondaj sistemi, 90'l\u0131 y\u0131llar\u0131n ba\u015f\u0131nda t\u00fcm Avrupa \u00fclkelerinde kullan\u0131lmaya ba\u015fland\u0131.<\/p>\n<p>Bu tarihten \u00f6nce T\u00fcrkiye'de karayolu ve demiryollar\u0131n\u0131n alt\u0131na boru d\u00f6\u015femek i\u00e7in boru delme, boru itme veya k\u0131saca yatay delme ad\u0131 verilen bir y\u00f6ntem kullan\u0131l\u0131yordu. 2000 y\u0131l\u0131ndan bu yana geleneksel yatay sondaj y\u00f6ntemleri yerine Yatay Y\u00f6nl\u00fc Sondaj (HDD) teknolojisi olarak bilinen y\u00f6ntem kullan\u0131l\u0131yor.\u201d<\/p>\n<p>Kaz\u0131s\u0131z teknolojinin yeniliklerinden biri olan y\u00f6nl\u00fc yatay sondaj (HDD) y\u00f6ntemi, karayolu, demiryolu, dere, g\u00f6l vb. engellerin alt\u0131na su, elektrik veya do\u011falgaz borular\u0131n\u0131n d\u00f6\u015fenmesi gibi i\u015flerde en uygun tekniklerden biridir. Bu y\u00f6ntemde polietilen ve \u00e7elik borulardan yararlan\u0131labilir. Mevcut makine parkurumuz sayesinde 1500 m'ye kadar mesafelerde ve 60\u201d \u00e7apa kadar (olu\u015fum tipine ba\u011fl\u0131 olarak) boru montaj\u0131 yap\u0131labilmektedir. HDD y\u00f6nteminde \u00f6ncelikle pilot delme i\u015flemi ger\u00e7ekle\u015ftirilir. Matkap (\u015fekli sayesinde) matkab\u0131 istenilen y\u00f6ne y\u00f6nlendirebilir ve konumlay\u0131c\u0131 sayesinde istenilen y\u00f6n ve koordinat\u0131 belirleyebilir. R\u00f6mork\u00f6r, makineden ald\u0131\u011f\u0131 itme kuvvetini matkaba iletir (ayr\u0131ca hidrolik pompalarla bas\u0131n\u00e7l\u0131 ya\u011flama s\u0131v\u0131s\u0131n\u0131n formasyona enjekte edilmesiyle formasyonun s\u00fcrt\u00fcnme direnci bast\u0131r\u0131l\u0131r) ve b\u00f6ylece sondaj\u0131 ger\u00e7ekle\u015ftirir.<\/p>\n<p>Yatay Y\u00f6nl\u00fc Sondaj sistemleri, hendek operasyonlar\u0131nda, karayollar\u0131nda, demiryollar\u0131nda, nehirlerde, \u00f6zellikle y\u00fcksek maliyetlerin ve zor y\u00fczey ko\u015fullar\u0131n\u0131n ya\u015fand\u0131\u011f\u0131 kentsel uygulama projelerinde kablo veya borular\u0131n yeralt\u0131na d\u00f6\u015fenmesi i\u00e7in tasarlanm\u0131\u015ft\u0131r. Yatay delme ile sistem istenilen \u00f6zellik ve \u00e7aptaki borunun belirlenen y\u00f6nde d\u00f6\u015fenmesine olanak sa\u011flar. Yatay Sondaj \u015eirketinde daha az kazma, daha fazla teknoloji sistemi.<\/p>\n<\/div>\n\n\t\t<\/div>\n\t<\/div>\n<\/div><\/div><\/div><div class=\"wpb_column vc_column_container vc_col-sm-6\"><div class=\"vc_column-inner\"><div class=\"wpb_wrapper\"><div class=\"cz_gap clr\" style=\"height: 65px\"><\/div><div class=\"cz_gap clr\" style=\"height: 25px\"><\/div><div class=\"cz_gap clr\" style=\"height: 25px\"><\/div><div class=\"cz_gap clr\" style=\"height: 25px\"><\/div><div class=\"cz_gap clr\" style=\"height: 25px\"><\/div><div id=\"cz_75199\" data-position=\"top-right\" class=\"cz_75199 cz_image clr cz_image_no_fx center_on_mobile\"><div class=\"\" ><div class=\"cz_image_in\"><div class=\"cz_main_image\"><img fetchpriority=\"high\" loading=\"eager\" decoding=\"sync\" data-no-lazy=\"1\" width=\"1370\" height=\"630\" src=\"https:\/\/horizontaldrilling.net\/wp-content\/uploads\/2023\/12\/09.jpg\" class=\"attachment-full\" alt=\"09\" srcset=\"https:\/\/horizontaldrilling.net\/wp-content\/uploads\/2023\/12\/09.jpg 1370w, https:\/\/horizontaldrilling.net\/wp-content\/uploads\/2023\/12\/09-1000x460.jpg 1000w, https:\/\/horizontaldrilling.net\/wp-content\/uploads\/2023\/12\/09-300x138.jpg 300w, https:\/\/horizontaldrilling.net\/wp-content\/uploads\/2023\/12\/09-1024x471.jpg 1024w, https:\/\/horizontaldrilling.net\/wp-content\/uploads\/2023\/12\/09-768x353.jpg 768w, https:\/\/horizontaldrilling.net\/wp-content\/uploads\/2023\/12\/09-18x8.jpg 18w, https:\/\/horizontaldrilling.net\/wp-content\/uploads\/2023\/12\/09-600x276.jpg 600w\" sizes=\"(max-width: 1370px) 100vw, 1370px\"  \/><\/div><\/div><\/div><\/div><div class=\"cz_gap clr\" style=\"height: 50px\"><\/div><div id=\"cz_72653\" data-position=\"top-right\" class=\"cz_72653 cz_image clr cz_image_no_fx center_on_mobile\"><div class=\"\" ><div class=\"cz_image_in\"><div class=\"cz_main_image\"><img decoding=\"async\" width=\"1370\" height=\"630\" src=\"https:\/\/horizontaldrilling.net\/wp-content\/uploads\/2023\/12\/10.jpg\" class=\"attachment-full\" alt=\"10\" srcset=\"https:\/\/horizontaldrilling.net\/wp-content\/uploads\/2023\/12\/10.jpg 1370w, https:\/\/horizontaldrilling.net\/wp-content\/uploads\/2023\/12\/10-1000x460.jpg 1000w, https:\/\/horizontaldrilling.net\/wp-content\/uploads\/2023\/12\/10-300x138.jpg 300w, https:\/\/horizontaldrilling.net\/wp-content\/uploads\/2023\/12\/10-1024x471.jpg 1024w, https:\/\/horizontaldrilling.net\/wp-content\/uploads\/2023\/12\/10-768x353.jpg 768w, https:\/\/horizontaldrilling.net\/wp-content\/uploads\/2023\/12\/10-18x8.jpg 18w, https:\/\/horizontaldrilling.net\/wp-content\/uploads\/2023\/12\/10-600x276.jpg 600w\" sizes=\"auto, (max-width: 1370px) 100vw, 1370px\" loading=\"lazy\" \/><\/div><\/div><\/div><\/div><\/div><\/div><\/div><\/div><div class=\"vc_row wpb_row vc_row-fluid\"><div class=\"wpb_column vc_column_container vc_col-sm-12\"><div class=\"vc_column-inner\"><div class=\"wpb_wrapper\"><div class=\"cz_gap clr\" style=\"height: 100px\"><\/div><\/div><\/div><\/div><\/div><div class=\"vc_row wpb_row vc_row-fluid\"><div class=\"wpb_column vc_column_container vc_col-sm-3\"><div class=\"vc_column-inner\"><div class=\"wpb_wrapper\"><div class=\"cz_btn_inline\"><div class=\"cz_27342_p\"><a id=\"cz_27342\" class=\"cz_27342 cz_btn cz_btn_txt_move_right cz_btn_no_fx\" href=\"https:\/\/horizontaldrilling.net\/tr\/advantages\/\"><span><strong>HDD AVANTAJLARI<\/strong><\/span><b class=\"cz_btn_onhover\"><strong>HDD AVANTAJLARI<\/strong><\/b><\/a><\/div><\/div><\/div><\/div><\/div><div class=\"wpb_column vc_column_container vc_col-sm-3\"><div class=\"vc_column-inner\"><div class=\"wpb_wrapper\"><div class=\"cz_btn_inline\"><div class=\"cz_89961_p\"><a id=\"cz_89961\" class=\"cz_89961 cz_btn cz_btn_txt_move_right cz_btn_no_fx\" href=\"https:\/\/horizontaldrilling.net\/tr\/working-principle\/\"><span><strong>\u00c7ALI\u015eMA PRENS\u0130B\u0130<\/strong><\/span><b class=\"cz_btn_onhover\"><strong>\u00c7ALI\u015eMA PRENS\u0130B\u0130<\/strong><\/b><\/a><\/div><\/div><\/div><\/div><\/div><div class=\"wpb_column vc_column_container vc_col-sm-3\"><div class=\"vc_column-inner\"><div class=\"wpb_wrapper\"><div class=\"cz_btn_inline\"><div class=\"cz_31144_p\"><a id=\"cz_31144\" class=\"cz_31144 cz_btn cz_btn_txt_move_right cz_btn_no_fx\" href=\"https:\/\/horizontaldrilling.net\/tr\/environmental-importance\/\"><span><strong>\u00c7EVRESEL \u00d6NEM<\/strong><\/span><b class=\"cz_btn_onhover\"><strong>\u00c7EVRESEL \u00d6NEM<\/strong><\/b><\/a><\/div><\/div><\/div><\/div><\/div><div class=\"wpb_column vc_column_container vc_col-sm-3\"><div class=\"vc_column-inner\"><div class=\"wpb_wrapper\"><div class=\"cz_btn_inline\"><div class=\"cz_64931_p\"><a id=\"cz_64931\" class=\"cz_64931 cz_btn cz_btn_txt_move_right cz_btn_no_fx\" href=\"https:\/\/horizontaldrilling.net\/tr\/services\/\"><span><strong>HDD SERV\u0130SLER<\/strong><\/span><b class=\"cz_btn_onhover\"><strong>HDD SERV\u0130SLER<\/strong><\/b><\/a><\/div><\/div><\/div><\/div><\/div><\/div><div class=\"vc_row wpb_row vc_row-fluid\"><div class=\"wpb_column vc_column_container vc_col-sm-12\"><div class=\"vc_column-inner\"><div class=\"wpb_wrapper\"><div class=\"cz_gap clr\" style=\"height: 100px\"><\/div><\/div><\/div><\/div><\/div>\n<\/div>","protected":false},"excerpt":{"rendered":"_Horizontal Drilling ? &gt;&gt; \u201cIn a rapidly developing world, a great race is observed in bringing the projects under the","protected":false},"author":1,"featured_media":0,"parent":0,"menu_order":0,"comment_status":"closed","ping_status":"closed","template":"","meta":{"footnotes":""},"class_list":["post-1659","page","type-page","status-publish","hentry"],"_links":{"self":[{"href":"https:\/\/horizontaldrilling.net\/tr\/wp-json\/wp\/v2\/pages\/1659","targetHints":{"allow":["GET"]}}],"collection":[{"href":"https:\/\/horizontaldrilling.net\/tr\/wp-json\/wp\/v2\/pages"}],"about":[{"href":"https:\/\/horizontaldrilling.net\/tr\/wp-json\/wp\/v2\/types\/page"}],"author":[{"embeddable":true,"href":"https:\/\/horizontaldrilling.net\/tr\/wp-json\/wp\/v2\/users\/1"}],"replies":[{"embeddable":true,"href":"https:\/\/horizontaldrilling.net\/tr\/wp-json\/wp\/v2\/comments?post=1659"}],"version-history":[{"count":0,"href":"https:\/\/horizontaldrilling.net\/tr\/wp-json\/wp\/v2\/pages\/1659\/revisions"}],"wp:attachment":[{"href":"https:\/\/horizontaldrilling.net\/tr\/wp-json\/wp\/v2\/media?parent=1659"}],"curies":[{"name":"wp","href":"https:\/\/api.w.org\/{rel}","templated":true}]}}